{"id":142,"date":"2020-07-07T09:39:41","date_gmt":"2020-07-07T07:39:41","guid":{"rendered":"http:\/\/www.bclever.it\/w\/?page_id=142"},"modified":"2021-09-14T14:59:33","modified_gmt":"2021-09-14T12:59:33","slug":"por","status":"publish","type":"page","link":"http:\/\/bclever.azurewebsites.net\/?page_id=142","title":{"rendered":"Por"},"content":{"rendered":"[vc_row type=&#8221;in_container&#8221; full_screen_row_position=&#8221;middle&#8221; column_margin=&#8221;default&#8221; column_direction=&#8221;default&#8221; column_direction_tablet=&#8221;default&#8221; column_direction_phone=&#8221;default&#8221; scene_position=&#8221;center&#8221; text_color=&#8221;dark&#8221; text_align=&#8221;left&#8221; row_border_radius=&#8221;none&#8221; row_border_radius_applies=&#8221;bg&#8221; overlay_strength=&#8221;0.3&#8243; gradient_direction=&#8221;left_to_right&#8221; shape_divider_position=&#8221;bottom&#8221; bg_image_animation=&#8221;none&#8221;][vc_column column_padding=&#8221;no-extra-padding&#8221; column_padding_tablet=&#8221;inherit&#8221; column_padding_phone=&#8221;inherit&#8221; column_padding_position=&#8221;all&#8221; background_color_opacity=&#8221;1&#8243; background_hover_color_opacity=&#8221;1&#8243; column_shadow=&#8221;none&#8221; column_border_radius=&#8221;none&#8221; column_link_target=&#8221;_self&#8221; gradient_direction=&#8221;left_to_right&#8221; overlay_strength=&#8221;0.3&#8243; width=&#8221;1\/1&#8243; tablet_width_inherit=&#8221;default&#8221; tablet_text_alignment=&#8221;default&#8221; phone_text_alignment=&#8221;default&#8221; column_border_width=&#8221;none&#8221; column_border_style=&#8221;solid&#8221; bg_image_animation=&#8221;none&#8221;][image_with_animation image_url=&#8221;145&#8243; animation=&#8221;None&#8221; hover_animation=&#8221;none&#8221; alignment=&#8221;center&#8221; border_radius=&#8221;none&#8221; box_shadow=&#8221;none&#8221; image_loading=&#8221;default&#8221; max_width=&#8221;100%&#8221; max_width_mobile=&#8221;default&#8221;][\/vc_column][\/vc_row][vc_row type=&#8221;in_container&#8221; full_screen_row_position=&#8221;middle&#8221; column_margin=&#8221;default&#8221; column_direction=&#8221;default&#8221; column_direction_tablet=&#8221;default&#8221; column_direction_phone=&#8221;default&#8221; scene_position=&#8221;center&#8221; text_color=&#8221;dark&#8221; text_align=&#8221;left&#8221; row_border_radius=&#8221;none&#8221; row_border_radius_applies=&#8221;bg&#8221; overlay_strength=&#8221;0.3&#8243; gradient_direction=&#8221;left_to_right&#8221; shape_divider_position=&#8221;bottom&#8221; bg_image_animation=&#8221;none&#8221;][vc_column column_padding=&#8221;no-extra-padding&#8221; column_padding_tablet=&#8221;inherit&#8221; column_padding_phone=&#8221;inherit&#8221; column_padding_position=&#8221;all&#8221; background_color_opacity=&#8221;1&#8243; background_hover_color_opacity=&#8221;1&#8243; column_shadow=&#8221;none&#8221; column_border_radius=&#8221;none&#8221; column_link_target=&#8221;_self&#8221; gradient_direction=&#8221;left_to_right&#8221; overlay_strength=&#8221;0.3&#8243; width=&#8221;1\/1&#8243; tablet_width_inherit=&#8221;default&#8221; tablet_text_alignment=&#8221;default&#8221; phone_text_alignment=&#8221;default&#8221; column_border_width=&#8221;none&#8221; column_border_style=&#8221;solid&#8221; bg_image_animation=&#8221;none&#8221;][vc_column_text]\n<h2>Programma Operativo Regionale &#8211; Fondo Europeo di Sviluppo Regionale 2014-2020 (POR FESR)<\/h2>\n[\/vc_column_text][\/vc_column][\/vc_row][vc_row type=&#8221;in_container&#8221; full_screen_row_position=&#8221;middle&#8221; column_margin=&#8221;default&#8221; column_direction=&#8221;default&#8221; column_direction_tablet=&#8221;default&#8221; column_direction_phone=&#8221;default&#8221; scene_position=&#8221;center&#8221; text_color=&#8221;dark&#8221; text_align=&#8221;left&#8221; row_border_radius=&#8221;none&#8221; row_border_radius_applies=&#8221;bg&#8221; overlay_strength=&#8221;0.3&#8243; gradient_direction=&#8221;left_to_right&#8221; shape_divider_position=&#8221;bottom&#8221; bg_image_animation=&#8221;none&#8221;][vc_column column_padding=&#8221;no-extra-padding&#8221; column_padding_tablet=&#8221;inherit&#8221; column_padding_phone=&#8221;inherit&#8221; column_padding_position=&#8221;all&#8221; background_color_opacity=&#8221;1&#8243; background_hover_color_opacity=&#8221;1&#8243; column_shadow=&#8221;none&#8221; column_border_radius=&#8221;none&#8221; column_link_target=&#8221;_self&#8221; gradient_direction=&#8221;left_to_right&#8221; overlay_strength=&#8221;0.3&#8243; width=&#8221;1\/1&#8243; tablet_width_inherit=&#8221;default&#8221; tablet_text_alignment=&#8221;default&#8221; phone_text_alignment=&#8221;default&#8221; column_border_width=&#8221;none&#8221; column_border_style=&#8221;solid&#8221; bg_image_animation=&#8221;none&#8221;][vc_column_text]Le azioni realizzate con il sostegno del Fondo Europeo di Sviluppo Regionale, in linea con le direttive della Commissione Europea, sono volte a rafforzare la\u00a0produttivit\u00e0\u00a0e la\u00a0competitivit\u00e0\u00a0delle aziende e a promuovere la\u00a0crescita economica\u00a0e lo\u00a0sviluppo sostenibile.<\/p>\n<p>DGR n. 769 del 04\/06\/2019<br \/>\nBCLEVER srls ha partecipato all\u2019azione 3.1.1\/A\/A \u201cAiuti per investimenti in macchinari, impianti e beni intangibili, e accompagnamento dei processi di riorganizzazione e ristrutturazione aziendale\u201d per l\u2019inserimento in azienda di una fresa a controllo numerico in grado di eseguire la maggior parte dei particolari realizzati da Bclever srls, rispondente ai requisiti previsti dalla normativa \u201cIndustry 4.0\u201d.<br \/>\nA Bclever \u00e8 stato concesso un contributo pari a \u20ac 36.120,00.<\/p>\n<p>DGR n. 889 del 13\/06\/2017<br \/>\nBCLEVER srls ha partecipato come capofila all\u2019 azione 1.1.4 &#8220;Sostegno alle attivit\u00e0 collaborative di R&amp;S per lo sviluppo di nuove tecnologie sostenibili, di nuovi prodotti e servizi&#8221; con un progetto sullo sviluppo di una piattaforma domotica a basso costo basata su tecnologie WiFi e PLC.<br \/>\nL&#8217;ATI beneficer\u00e0 di un contributo ammesso in conto capitale di 132.650,00\u20ac.<br \/>\nL&#8217;obiettivo del progetto dell&#8217;ATI \u00e8 quello di sviluppare un sistema di domotica volto a diffondere l&#8217;automazione in tutte le abitazioni abbattendo quelli che sono i due principali ostacoli all&#8217;adozione di un sistema di domotica: il prezzo dei dispositivi ed il costo di installazione.<br \/>\nPer far questo l&#8217;idea sviluppata \u00e8 stata quella di unire due tecnologie che, prese singolarmente, sono limitate: la tecnologia Wifi (che \u00e8 limitata dal punto di vista della portata e della capacit\u00e0 di attraversamento delle parete) e la tecnologia ad onde convogliate (PLC, Power Line Communication) che comunica utilizzando la presente rete cablata da 220V e che invece \u00e8 limitata dalla suddivisione delle linea in diverse fasi (non riesce a superare trasformatori o contatori elettrici).<br \/>\nGrazie all&#8217;adozione combinata di queste due tipologie, \u00e8 possibile creare una rete di nodi misti PLC e Wifi che possano comunicare tra di loro essendo integrati in un unico sistema dotato di software di configurazione e di gestione della rete. Bclever ha beneficiato di un contributo pari a \u20ac 59.630,14.<\/p>\n<p>DGR n.1581 del 10\/10\/2016<br \/>\nBCLEVER srls ha partecipato all&#8217;azione 1.1.1 \u201cSostegno a progetti di ricerca alle imprese che prevedono l&#8217;impiego di ricercatori (dottori di ricerca e laureati magistrali con profili tecnico-scientifici) presso le imprese stesse\u201d, grazie alla quale ha avuto la possibilit\u00e0 di avvalersi di tre ricercatori per la realizzazione di un progetto innovativo dal titolo &#8220;CREAZIONE DELLA STRUTTURA LOGISTICA E DI SUPPORTO \u201cSPIDER SUPPORT\u201d&#8221;. All&#8217;interno del progetto \u00e8 stato sviluppato un sistema di gestione delle stampanti Spider in chiave industry 4.0 che permette un controllo integrato sia delle macchine che della manutenzione, che della catena di fornitura dei consumabili. Anche la gestione della fatturazione ai clienti in funzione dell&#8217;utilizzo delle macchine viene controllata tramite il servizio cloud sviluppato. Bclever ha beneficiato di un contributo pari a \u20ac 64.971,85.<\/p>\n<p>DGR n. 1849 del 14\/11\/2017<br \/>\nBCLEVER srls ha partecipato all\u2019 azione 3.4.2 \u201cIncentivi all\u2019acquisto di servizi di supporto all\u2019internazionalizzazione in favore delle PMI\u201d, che le ha dato modo di usufruire di consulenze di pianificazione strategica e promozionale per promuovere a livello europeo il proprio prodotto Spider, stampante per superfici murarie. Bclever ha beneficiato di un contributo pari a \u20ac 6.000,00.[\/vc_column_text][\/vc_column][\/vc_row][vc_row type=&#8221;in_container&#8221; full_screen_row_position=&#8221;middle&#8221; column_margin=&#8221;default&#8221; column_direction=&#8221;default&#8221; column_direction_tablet=&#8221;default&#8221; column_direction_phone=&#8221;default&#8221; scene_position=&#8221;center&#8221; text_color=&#8221;dark&#8221; text_align=&#8221;left&#8221; row_border_radius=&#8221;none&#8221; row_border_radius_applies=&#8221;bg&#8221; overlay_strength=&#8221;0.3&#8243; gradient_direction=&#8221;left_to_right&#8221; shape_divider_position=&#8221;bottom&#8221; bg_image_animation=&#8221;none&#8221;][vc_column column_padding=&#8221;no-extra-padding&#8221; column_padding_tablet=&#8221;inherit&#8221; column_padding_phone=&#8221;inherit&#8221; column_padding_position=&#8221;all&#8221; background_color_opacity=&#8221;1&#8243; background_hover_color_opacity=&#8221;1&#8243; column_shadow=&#8221;none&#8221; column_border_radius=&#8221;none&#8221; column_link_target=&#8221;_self&#8221; gradient_direction=&#8221;left_to_right&#8221; overlay_strength=&#8221;0.3&#8243; width=&#8221;1\/1&#8243; tablet_width_inherit=&#8221;default&#8221; tablet_text_alignment=&#8221;default&#8221; phone_text_alignment=&#8221;default&#8221; column_border_width=&#8221;none&#8221; column_border_style=&#8221;solid&#8221; bg_image_animation=&#8221;none&#8221;][image_with_animation image_url=&#8221;146&#8243; animation=&#8221;None&#8221; hover_animation=&#8221;none&#8221; alignment=&#8221;center&#8221; border_radius=&#8221;none&#8221; box_shadow=&#8221;none&#8221; image_loading=&#8221;default&#8221; max_width=&#8221;100%&#8221; max_width_mobile=&#8221;default&#8221;][\/vc_column][\/vc_row]\n","protected":false},"excerpt":{"rendered":"<p>[vc_row type=&#8221;in_container&#8221; full_screen_row_position=&#8221;middle&#8221; column_margin=&#8221;default&#8221; column_direction=&#8221;default&#8221; column_direction_tablet=&#8221;default&#8221; column_direction_phone=&#8221;default&#8221; scene_position=&#8221;center&#8221; text_color=&#8221;dark&#8221; text_align=&#8221;left&#8221; row_border_radius=&#8221;none&#8221; row_border_radius_applies=&#8221;bg&#8221; overlay_strength=&#8221;0.3&#8243; gradient_direction=&#8221;left_to_right&#8221; shape_divider_position=&#8221;bottom&#8221; bg_image_animation=&#8221;none&#8221;][vc_column column_padding=&#8221;no-extra-padding&#8221; column_padding_tablet=&#8221;inherit&#8221; column_padding_phone=&#8221;inherit&#8221; column_padding_position=&#8221;all&#8221; background_color_opacity=&#8221;1&#8243; background_hover_color_opacity=&#8221;1&#8243; column_shadow=&#8221;none&#8221; column_border_radius=&#8221;none&#8221; column_link_target=&#8221;_self&#8221; gradient_direction=&#8221;left_to_right&#8221; overlay_strength=&#8221;0.3&#8243; width=&#8221;1\/1&#8243; tablet_width_inherit=&#8221;default&#8221; tablet_text_alignment=&#8221;default&#8221;&#8230;<\/p>\n","protected":false},"author":1,"featured_media":0,"parent":0,"menu_order":0,"comment_status":"closed","ping_status":"closed","template":"","meta":{"footnotes":""},"class_list":["post-142","page","type-page","status-publish"],"_links":{"self":[{"href":"http:\/\/bclever.azurewebsites.net\/index.php?rest_route=\/wp\/v2\/pages\/142","targetHints":{"allow":["GET"]}}],"collection":[{"href":"http:\/\/bclever.azurewebsites.net\/index.php?rest_route=\/wp\/v2\/pages"}],"about":[{"href":"http:\/\/bclever.azurewebsites.net\/index.php?rest_route=\/wp\/v2\/types\/page"}],"author":[{"embeddable":true,"href":"http:\/\/bclever.azurewebsites.net\/index.php?rest_route=\/wp\/v2\/users\/1"}],"replies":[{"embeddable":true,"href":"http:\/\/bclever.azurewebsites.net\/index.php?rest_route=%2Fwp%2Fv2%2Fcomments&post=142"}],"version-history":[{"count":4,"href":"http:\/\/bclever.azurewebsites.net\/index.php?rest_route=\/wp\/v2\/pages\/142\/revisions"}],"predecessor-version":[{"id":1499,"href":"http:\/\/bclever.azurewebsites.net\/index.php?rest_route=\/wp\/v2\/pages\/142\/revisions\/1499"}],"wp:attachment":[{"href":"http:\/\/bclever.azurewebsites.net\/index.php?rest_route=%2Fwp%2Fv2%2Fmedia&parent=142"}],"curies":[{"name":"wp","href":"https:\/\/api.w.org\/{rel}","templated":true}]}}