{"id":140,"date":"2020-07-07T09:38:00","date_gmt":"2020-07-07T07:38:00","guid":{"rendered":"http:\/\/www.bclever.it\/w\/?page_id=140"},"modified":"2022-01-21T16:01:18","modified_gmt":"2022-01-21T15:01:18","slug":"stimulart","status":"publish","type":"page","link":"http:\/\/bclever.azurewebsites.net\/?page_id=140","title":{"rendered":"Stimulart"},"content":{"rendered":"[vc_row type=&#8221;in_container&#8221; full_screen_row_position=&#8221;middle&#8221; column_margin=&#8221;default&#8221; column_direction=&#8221;default&#8221; column_direction_tablet=&#8221;default&#8221; column_direction_phone=&#8221;default&#8221; scene_position=&#8221;center&#8221; text_color=&#8221;dark&#8221; text_align=&#8221;left&#8221; row_border_radius=&#8221;none&#8221; row_border_radius_applies=&#8221;bg&#8221; overlay_strength=&#8221;0.3&#8243; gradient_direction=&#8221;left_to_right&#8221; shape_divider_position=&#8221;bottom&#8221; bg_image_animation=&#8221;none&#8221;][vc_column column_padding=&#8221;no-extra-padding&#8221; column_padding_tablet=&#8221;inherit&#8221; column_padding_phone=&#8221;inherit&#8221; column_padding_position=&#8221;all&#8221; background_color_opacity=&#8221;1&#8243; background_hover_color_opacity=&#8221;1&#8243; column_shadow=&#8221;none&#8221; column_border_radius=&#8221;none&#8221; column_link_target=&#8221;_self&#8221; gradient_direction=&#8221;left_to_right&#8221; overlay_strength=&#8221;0.3&#8243; width=&#8221;1\/1&#8243; tablet_width_inherit=&#8221;default&#8221; tablet_text_alignment=&#8221;default&#8221; phone_text_alignment=&#8221;default&#8221; column_border_width=&#8221;none&#8221; column_border_style=&#8221;solid&#8221; bg_image_animation=&#8221;none&#8221;][divider line_type=&#8221;No Line&#8221; custom_height=&#8221;20&#8243;][vc_column_text]\n<h2 style=\"text-align: center;\"><span style=\"color: #000080;\">STIMULART<\/span><\/h2>\n[\/vc_column_text][vc_row_inner column_margin=&#8221;default&#8221; column_direction=&#8221;default&#8221; column_direction_tablet=&#8221;default&#8221; column_direction_phone=&#8221;default&#8221; text_align=&#8221;right&#8221;][vc_column_inner column_padding=&#8221;no-extra-padding&#8221; column_padding_tablet=&#8221;inherit&#8221; column_padding_phone=&#8221;inherit&#8221; column_padding_position=&#8221;all&#8221; background_color_opacity=&#8221;1&#8243; background_hover_color_opacity=&#8221;1&#8243; column_shadow=&#8221;none&#8221; column_border_radius=&#8221;none&#8221; column_link_target=&#8221;_self&#8221; gradient_direction=&#8221;left_to_right&#8221; overlay_strength=&#8221;0.3&#8243; width=&#8221;1\/4&#8243; tablet_width_inherit=&#8221;default&#8221; column_border_width=&#8221;none&#8221; column_border_style=&#8221;solid&#8221; bg_image_animation=&#8221;none&#8221;][vc_column_text]\n<h5 style=\"text-align: center;\"><span style=\"color: #000000;\"><a style=\"color: #000000;\" href=\"#Stimulart_Descrizione2\">DESCRIZIONE<\/a><\/span><\/h5>\n[\/vc_column_text][\/vc_column_inner][vc_column_inner column_padding=&#8221;no-extra-padding&#8221; column_padding_tablet=&#8221;inherit&#8221; column_padding_phone=&#8221;inherit&#8221; column_padding_position=&#8221;all&#8221; background_color_opacity=&#8221;1&#8243; background_hover_color_opacity=&#8221;1&#8243; column_shadow=&#8221;none&#8221; column_border_radius=&#8221;none&#8221; column_link_target=&#8221;_self&#8221; gradient_direction=&#8221;left_to_right&#8221; overlay_strength=&#8221;0.3&#8243; width=&#8221;1\/4&#8243; tablet_width_inherit=&#8221;default&#8221; column_border_width=&#8221;none&#8221; column_border_style=&#8221;solid&#8221; bg_image_animation=&#8221;none&#8221;][vc_column_text]\n<h5 style=\"text-align: center;\"><span style=\"color: #000000;\"><a style=\"color: #000000;\" href=\"#Stimulart_Descrizione2\">OBIETTIVI<\/a><\/span><\/h5>\n[\/vc_column_text][\/vc_column_inner][vc_column_inner column_padding=&#8221;no-extra-padding&#8221; column_padding_tablet=&#8221;inherit&#8221; column_padding_phone=&#8221;inherit&#8221; column_padding_position=&#8221;all&#8221; background_color_opacity=&#8221;1&#8243; background_hover_color_opacity=&#8221;1&#8243; column_shadow=&#8221;none&#8221; column_border_radius=&#8221;none&#8221; column_link_target=&#8221;_self&#8221; gradient_direction=&#8221;left_to_right&#8221; overlay_strength=&#8221;0.3&#8243; width=&#8221;1\/4&#8243; tablet_width_inherit=&#8221;default&#8221; column_border_width=&#8221;none&#8221; column_border_style=&#8221;solid&#8221; bg_image_animation=&#8221;none&#8221;][vc_column_text]\n<h5 style=\"text-align: center;\"><span style=\"color: #000000;\"><a style=\"color: #000000;\" href=\"#Stimulart_Partners2\">PARTNERS<\/a><\/span><\/h5>\n[\/vc_column_text][\/vc_column_inner][vc_column_inner column_padding=&#8221;no-extra-padding&#8221; column_padding_tablet=&#8221;inherit&#8221; column_padding_phone=&#8221;inherit&#8221; column_padding_position=&#8221;all&#8221; background_color_opacity=&#8221;1&#8243; background_hover_color_opacity=&#8221;1&#8243; column_shadow=&#8221;none&#8221; column_border_radius=&#8221;none&#8221; column_link_target=&#8221;_self&#8221; gradient_direction=&#8221;left_to_right&#8221; overlay_strength=&#8221;0.3&#8243; width=&#8221;1\/4&#8243; tablet_width_inherit=&#8221;default&#8221; column_border_width=&#8221;none&#8221; column_border_style=&#8221;solid&#8221; bg_image_animation=&#8221;none&#8221;][vc_column_text]\n<h5 style=\"text-align: center;\"><span style=\"color: #000000;\"><a style=\"color: #000000;\" href=\"#Stimulart_Partners2\">BCLEVER<\/a><\/span><\/h5>\n[\/vc_column_text][\/vc_column_inner][\/vc_row_inner][vc_row_inner column_margin=&#8221;default&#8221; column_direction=&#8221;default&#8221; column_direction_tablet=&#8221;default&#8221; column_direction_phone=&#8221;default&#8221; text_align=&#8221;left&#8221;][vc_column_inner column_padding=&#8221;no-extra-padding&#8221; column_padding_tablet=&#8221;inherit&#8221; column_padding_phone=&#8221;inherit&#8221; column_padding_position=&#8221;all&#8221; centered_text=&#8221;true&#8221; background_color_opacity=&#8221;1&#8243; background_hover_color_opacity=&#8221;1&#8243; column_shadow=&#8221;none&#8221; column_border_radius=&#8221;none&#8221; column_link_target=&#8221;_self&#8221; gradient_direction=&#8221;left_to_right&#8221; overlay_strength=&#8221;0.3&#8243; width=&#8221;1\/1&#8243; tablet_width_inherit=&#8221;default&#8221; column_border_width=&#8221;none&#8221; column_border_style=&#8221;solid&#8221; bg_image_animation=&#8221;none&#8221;][vc_gallery type=&#8221;flickity_static_height_style&#8221; images=&#8221;370,368,365,361&#8243; flickity_spacing=&#8221;default&#8221; flickity_controls=&#8221;pagination&#8221; flickity_overflow=&#8221;hidden&#8221; flickity_wrap_around=&#8221;wrap&#8221; flickity_image_scale_on_drag=&#8221;true&#8221; flickity_autoplay=&#8221;true&#8221; flickity_box_shadow=&#8221;none&#8221; image_loading=&#8221;default&#8221; onclick=&#8221;link_no&#8221; flickity_autoplay_dur=&#8221;5000&#8243;][\/vc_column_inner][\/vc_row_inner][divider line_type=&#8221;No Line&#8221; custom_height=&#8221;10&#8243;][vc_row_inner column_margin=&#8221;default&#8221; column_direction=&#8221;default&#8221; column_direction_tablet=&#8221;default&#8221; column_direction_phone=&#8221;default&#8221; text_align=&#8221;left&#8221; el_id=&#8221;Stimulart_Descrizione2&#8243;][vc_column_inner column_padding=&#8221;padding-5-percent&#8221; column_padding_tablet=&#8221;inherit&#8221; column_padding_phone=&#8221;inherit&#8221; column_padding_position=&#8221;right&#8221; background_color_opacity=&#8221;1&#8243; background_hover_color_opacity=&#8221;1&#8243; column_shadow=&#8221;none&#8221; column_border_radius=&#8221;none&#8221; column_link_target=&#8221;_self&#8221; gradient_direction=&#8221;left_to_right&#8221; overlay_strength=&#8221;0.3&#8243; width=&#8221;1\/2&#8243; tablet_width_inherit=&#8221;default&#8221; column_border_width=&#8221;none&#8221; column_border_style=&#8221;solid&#8221; bg_image_animation=&#8221;none&#8221;][vc_column_text]<strong><b>Descrizione<\/b><\/strong><\/p>\n<p>Bclever Srls \u00e8 partner del progetto europeo STIMULART, approvato nell\u2019ambito del Programma Interreg VB Central Europe 2014-2020. Grazie alla collaborazione tra i 9 partner, il Progetto punta ad individuare le best practices con cui potenziare la competitivit\u00e0 dei centri urbani di medie dimensioni attraverso le industrie creative e culturali (CCI).<\/p>\n<p>La durata prevista \u00e8 di 36 mesi: dal 01 aprile 2019 al 31 marzo 2022.[\/vc_column_text][\/vc_column_inner][vc_column_inner column_padding=&#8221;padding-5-percent&#8221; column_padding_tablet=&#8221;inherit&#8221; column_padding_phone=&#8221;inherit&#8221; column_padding_position=&#8221;left&#8221; background_color_opacity=&#8221;1&#8243; background_hover_color_opacity=&#8221;1&#8243; column_shadow=&#8221;none&#8221; column_border_radius=&#8221;none&#8221; column_link_target=&#8221;_self&#8221; gradient_direction=&#8221;left_to_right&#8221; overlay_strength=&#8221;0.3&#8243; width=&#8221;1\/2&#8243; tablet_width_inherit=&#8221;default&#8221; column_border_width=&#8221;none&#8221; column_border_style=&#8221;solid&#8221; bg_image_animation=&#8221;none&#8221;][vc_column_text]<strong><b>Obiettivi<\/b><\/strong><\/p>\n<p>Partendo dalle esperienze positive riscontrate in diverse citt\u00e0 europee di medie dimensioni, valorizzare il potenziale delle industrie culturali e creative (CCI) quale volano per lo sviluppo sostenibile del territorio.<\/p>\n<p>Rafforzare la collaborazione tra pubblico e privato diventa una delle chiavi di volta per promuovere lo sviluppo del territorio e la cooperazione tra le attivit\u00e0 creative nei centri di medi dimensioni; grazie alla diversificazione dell\u2019economia locale si pu\u00f2 puntare alla creazione di nuovi posti di lavoro e al generale miglioramento delle condizioni di vita della cittadinanza.[\/vc_column_text][\/vc_column_inner][\/vc_row_inner][divider line_type=&#8221;No Line&#8221; custom_height=&#8221;10&#8243;][nectar_gmap map_type=&#8221;leaflet&#8221; zoom=&#8221;5&#8243; marker_style=&#8221;default&#8221; color=&#8221;accent-color&#8221; map_markers=&#8221;47.513765276906724|19.905119568090882|Municipality of J\u00e1szber\u00e9ny &#8211; Lead Partner<br \/>\n47.50104167239396|19.917323726411453|J\u00e1szker\u00fclet Non-profit Ltd. &#8211; Project partner<br \/>\n46.230309948760684|14.612598374135722|Municipality of Kamnik &#8211; Project partner<br \/>\n46.22699097547056|14.609809433112764|Municipality of Kamnik &#8211; Project partner<br \/>\n46.22582381700086|14.611876184032178|Institute for Tourism, Sports &amp; Culture of Kamnik &#8211; Project partner<br \/>\n49.445647939548564|11.859333600831965|City of Amberg &#8211; Project partners<br \/>\n51.15244335116485|11.809813636684819|City of Naumburg &#8211; Project partners<br \/>\n48.9993605785863|12.093777341289229|University of Regensburg &#8211; Project partner<br \/>\n45.99007612382269|12.296825389292897|Municipality of Vittorio Veneto &#8211; Project partner<br \/>\n45.953425820177145|12.314788183452656|Bclever s.r.l.s &#8211; Project partner&#8221; map_center_lat=&#8221;48.562847090223116&#8243; map_center_lng=&#8221;14.90476676306025&#8243; size=&#8221;750&#8243;][divider line_type=&#8221;No Line&#8221; custom_height=&#8221;50&#8243;][vc_row_inner column_margin=&#8221;default&#8221; column_direction=&#8221;default&#8221; column_direction_tablet=&#8221;default&#8221; column_direction_phone=&#8221;default&#8221; text_align=&#8221;left&#8221; el_id=&#8221;Stimulart_Partners2&#8243;][vc_column_inner column_padding=&#8221;padding-5-percent&#8221; column_padding_tablet=&#8221;inherit&#8221; column_padding_phone=&#8221;inherit&#8221; column_padding_position=&#8221;right&#8221; background_color_opacity=&#8221;1&#8243; background_hover_color_opacity=&#8221;1&#8243; column_shadow=&#8221;none&#8221; column_border_radius=&#8221;none&#8221; column_link_target=&#8221;_self&#8221; gradient_direction=&#8221;left_to_right&#8221; overlay_strength=&#8221;0.3&#8243; width=&#8221;1\/2&#8243; tablet_width_inherit=&#8221;default&#8221; column_border_width=&#8221;none&#8221; column_border_style=&#8221;solid&#8221; bg_image_animation=&#8221;none&#8221;][vc_column_text]<strong><b>I Partners<\/b><\/strong><\/p>\n<p>Capofila del Progetto STIMULART \u00e8 il Comune di J\u00e1szber\u00e9ny (Ungheria), mentre tra gli otto partner rientrano i Comuni di Vittorio Veneto (Italia), Amberg e Naumburg (Germania) e di Kamnik (Slovenia), supportati da quattro soggetti privati con competenze ed esperienze specifiche nello sviluppo di imprese culturali e creative: J\u00e1szker\u00fclet Non-profit Ltd. (Ungheria), Institute for Tourism, Sports &amp; Culture of Kamnik (Slovenia), Universit\u00e0 di Regensburg (Germania) e, appunto, Bclever s.r.l.s. (Italia).[\/vc_column_text][\/vc_column_inner][vc_column_inner column_padding=&#8221;padding-5-percent&#8221; column_padding_tablet=&#8221;inherit&#8221; column_padding_phone=&#8221;inherit&#8221; column_padding_position=&#8221;left&#8221; background_color_opacity=&#8221;1&#8243; background_hover_color_opacity=&#8221;1&#8243; column_shadow=&#8221;none&#8221; column_border_radius=&#8221;none&#8221; column_link_target=&#8221;_self&#8221; gradient_direction=&#8221;left_to_right&#8221; overlay_strength=&#8221;0.3&#8243; width=&#8221;1\/2&#8243; tablet_width_inherit=&#8221;default&#8221; column_border_width=&#8221;none&#8221; column_border_style=&#8221;solid&#8221; bg_image_animation=&#8221;none&#8221;][vc_column_text]<strong><b>Il ruolo di Bclever<\/b><\/strong><\/p>\n<p>Oltre a supportare il Comune di Vittorio Veneto nello sviluppo di sinergie tra settore pubblico e privato, Bclever ha un ruolo fondamentale nello sviluppo del progetto pilota di Vittorio Veneto, dedicato all\u2019implementazione dei un modello di incubazione per le industrie culturali e creative presso il FabLab Innovation Centre di Vittorio Veneto, di cui Bclever \u00e8 coordinatrice dal 2016.[\/vc_column_text][\/vc_column_inner][\/vc_row_inner][divider line_type=&#8221;No Line&#8221; custom_height=&#8221;10&#8243;][image_with_animation image_url=&#8221;1039&#8243; animation=&#8221;Fade In&#8221; hover_animation=&#8221;none&#8221; alignment=&#8221;center&#8221; border_radius=&#8221;none&#8221; box_shadow=&#8221;none&#8221; image_loading=&#8221;default&#8221; max_width=&#8221;100%&#8221; max_width_mobile=&#8221;default&#8221; delay=&#8221;150&#8243;][\/vc_column][\/vc_row][vc_row type=&#8221;in_container&#8221; full_screen_row_position=&#8221;middle&#8221; column_margin=&#8221;default&#8221; column_direction=&#8221;default&#8221; column_direction_tablet=&#8221;default&#8221; column_direction_phone=&#8221;default&#8221; scene_position=&#8221;center&#8221; text_color=&#8221;dark&#8221; text_align=&#8221;left&#8221; row_border_radius=&#8221;none&#8221; row_border_radius_applies=&#8221;bg&#8221; overlay_strength=&#8221;0.3&#8243; gradient_direction=&#8221;left_to_right&#8221; shape_divider_position=&#8221;bottom&#8221; bg_image_animation=&#8221;none&#8221; shape_type=&#8221;&#8221;][vc_column column_padding=&#8221;no-extra-padding&#8221; column_padding_tablet=&#8221;inherit&#8221; column_padding_phone=&#8221;inherit&#8221; column_padding_position=&#8221;all&#8221; background_color_opacity=&#8221;1&#8243; background_hover_color_opacity=&#8221;1&#8243; column_shadow=&#8221;none&#8221; column_border_radius=&#8221;none&#8221; column_link_target=&#8221;_self&#8221; gradient_direction=&#8221;left_to_right&#8221; overlay_strength=&#8221;0.3&#8243; width=&#8221;1\/1&#8243; tablet_width_inherit=&#8221;default&#8221; tablet_text_alignment=&#8221;default&#8221; phone_text_alignment=&#8221;default&#8221; column_border_width=&#8221;none&#8221; column_border_style=&#8221;solid&#8221; bg_image_animation=&#8221;none&#8221;][divider line_type=&#8221;No Line&#8221; custom_height=&#8221;50&#8243;][vc_column_text]\n<h2 style=\"text-align: center;\"><span style=\"color: #0000ff;\">VIRTUAL HUB<\/span><\/h2>\n[\/vc_column_text][vc_column_text]\n<p style=\"text-align: center;\">Saltate dentro al modello 3D del &#8220;Virtual HUB&#8221;, il progetto pilota che la BCLEVER SRLS ha portato avanti all&#8217;interno del progetto Interreg StimulART.<br \/>\nTra gli equipaggiamenti di cui dispone, trovere i VR headset &#8220;Oculus Quest 2&#8221; e &#8220;Oculus GO&#8221;, le stampanti 3D, i proiettori e una working station equipaggiata con i migliori software per la modellazione 3D e la fotogrammetria.<\/p>\n[\/vc_column_text][divider line_type=&#8221;No Line&#8221;][vc_column_text]<iframe loading=\"lazy\" src=\"https:\/\/sketchfab.com\/models\/d32b05d9c0a945cea0a02f8a74c1cba5\/embed\" width=\"100%\" height=\"600\" frameborder=\"0\" allowfullscreen=\"allowfullscreen\"><span data-mce-type=\"bookmark\" style=\"display: inline-block; width: 0px; overflow: hidden; line-height: 0;\" class=\"mce_SELRES_start\">\ufeff<\/span><\/iframe>[\/vc_column_text][\/vc_column][\/vc_row][vc_row type=&#8221;in_container&#8221; full_screen_row_position=&#8221;middle&#8221; column_margin=&#8221;default&#8221; column_direction=&#8221;default&#8221; column_direction_tablet=&#8221;default&#8221; column_direction_phone=&#8221;default&#8221; scene_position=&#8221;center&#8221; text_color=&#8221;dark&#8221; text_align=&#8221;left&#8221; row_border_radius=&#8221;none&#8221; row_border_radius_applies=&#8221;bg&#8221; overlay_strength=&#8221;0.3&#8243; gradient_direction=&#8221;left_to_right&#8221; shape_divider_position=&#8221;bottom&#8221; bg_image_animation=&#8221;none&#8221; shape_type=&#8221;&#8221;][vc_column column_padding=&#8221;no-extra-padding&#8221; column_padding_tablet=&#8221;inherit&#8221; column_padding_phone=&#8221;inherit&#8221; column_padding_position=&#8221;all&#8221; centered_text=&#8221;true&#8221; background_color_opacity=&#8221;1&#8243; background_hover_color_opacity=&#8221;1&#8243; column_shadow=&#8221;none&#8221; column_border_radius=&#8221;none&#8221; column_link_target=&#8221;_self&#8221; gradient_direction=&#8221;left_to_right&#8221; overlay_strength=&#8221;0.3&#8243; width=&#8221;1\/1&#8243; tablet_width_inherit=&#8221;default&#8221; tablet_text_alignment=&#8221;default&#8221; phone_text_alignment=&#8221;default&#8221; column_border_width=&#8221;none&#8221; column_border_style=&#8221;solid&#8221; bg_image_animation=&#8221;none&#8221;][divider line_type=&#8221;No Line&#8221; custom_height=&#8221;50&#8243;][vc_column_text]\n<h2 style=\"text-align: center;\"><span style=\"color: #000080;\">NEWS<\/span><\/h2>\n[\/vc_column_text][nectar_blog layout=&#8221;masonry-blog-fullwidth&#8221; blog_masonry_style=&#8221;material&#8221; load_in_animation=&#8221;none&#8221; category=&#8221;stimulart&#8221; order=&#8221;DESC&#8221; orderby=&#8221;date&#8221; blog_remove_post_author=&#8221;true&#8221; blog_remove_post_comment_number=&#8221;true&#8221; blog_remove_post_nectar_love=&#8221;true&#8221; posts_per_page=&#8221;3&#8243;][nectar_btn size=&#8221;jumbo&#8221; button_style=&#8221;regular&#8221; button_color_2=&#8221;Accent-Color&#8221; color_override=&#8221;#ffffff&#8221; solid_text_color_override=&#8221;#3452ff&#8221; icon_family=&#8221;default_arrow&#8221; text=&#8221;TUTTE LE NEWS&#8221; url=&#8221;http:\/\/www.bclever.it\/w\/?cat=5&#8243; css_animation=&#8221;fadeIn&#8221;][divider line_type=&#8221;No Line&#8221;][\/vc_column][\/vc_row]\n","protected":false},"excerpt":{"rendered":"<p>[vc_row type=&#8221;in_container&#8221; full_screen_row_position=&#8221;middle&#8221; column_margin=&#8221;default&#8221; column_direction=&#8221;default&#8221; column_direction_tablet=&#8221;default&#8221; column_direction_phone=&#8221;default&#8221; scene_position=&#8221;center&#8221; text_color=&#8221;dark&#8221; text_align=&#8221;left&#8221; row_border_radius=&#8221;none&#8221; row_border_radius_applies=&#8221;bg&#8221; overlay_strength=&#8221;0.3&#8243; gradient_direction=&#8221;left_to_right&#8221; shape_divider_position=&#8221;bottom&#8221; bg_image_animation=&#8221;none&#8221;][vc_column column_padding=&#8221;no-extra-padding&#8221; column_padding_tablet=&#8221;inherit&#8221; column_padding_phone=&#8221;inherit&#8221; column_padding_position=&#8221;all&#8221; background_color_opacity=&#8221;1&#8243; background_hover_color_opacity=&#8221;1&#8243; column_shadow=&#8221;none&#8221; column_border_radius=&#8221;none&#8221; column_link_target=&#8221;_self&#8221; gradient_direction=&#8221;left_to_right&#8221; overlay_strength=&#8221;0.3&#8243; width=&#8221;1\/1&#8243; tablet_width_inherit=&#8221;default&#8221; tablet_text_alignment=&#8221;default&#8221;&#8230;<\/p>\n","protected":false},"author":1,"featured_media":0,"parent":0,"menu_order":0,"comment_status":"closed","ping_status":"closed","template":"","meta":{"footnotes":""},"class_list":["post-140","page","type-page","status-publish"],"_links":{"self":[{"href":"http:\/\/bclever.azurewebsites.net\/index.php?rest_route=\/wp\/v2\/pages\/140","targetHints":{"allow":["GET"]}}],"collection":[{"href":"http:\/\/bclever.azurewebsites.net\/index.php?rest_route=\/wp\/v2\/pages"}],"about":[{"href":"http:\/\/bclever.azurewebsites.net\/index.php?rest_route=\/wp\/v2\/types\/page"}],"author":[{"embeddable":true,"href":"http:\/\/bclever.azurewebsites.net\/index.php?rest_route=\/wp\/v2\/users\/1"}],"replies":[{"embeddable":true,"href":"http:\/\/bclever.azurewebsites.net\/index.php?rest_route=%2Fwp%2Fv2%2Fcomments&post=140"}],"version-history":[{"count":160,"href":"http:\/\/bclever.azurewebsites.net\/index.php?rest_route=\/wp\/v2\/pages\/140\/revisions"}],"predecessor-version":[{"id":1565,"href":"http:\/\/bclever.azurewebsites.net\/index.php?rest_route=\/wp\/v2\/pages\/140\/revisions\/1565"}],"wp:attachment":[{"href":"http:\/\/bclever.azurewebsites.net\/index.php?rest_route=%2Fwp%2Fv2%2Fmedia&parent=140"}],"curies":[{"name":"wp","href":"https:\/\/api.w.org\/{rel}","templated":true}]}}